{"id":205,"date":"2024-10-11T14:23:53","date_gmt":"2024-10-11T12:23:53","guid":{"rendered":"https:\/\/www.omax-architects.com\/?page_id=205"},"modified":"2024-10-11T14:23:53","modified_gmt":"2024-10-11T12:23:53","slug":"genas","status":"publish","type":"page","link":"https:\/\/www.omax-architects.com\/index.php\/genas\/","title":{"rendered":"GENAS"},"content":{"rendered":"\n<p class=\"has-x-large-font-size\"><strong>GENAS<\/strong> &#8211; 2024<\/p>\n\n\n\n<figure class=\"wp-block-image size-large\"><img loading=\"lazy\" decoding=\"async\" width=\"1024\" height=\"653\" src=\"https:\/\/www.omax-architects.com\/wp-content\/uploads\/2024\/09\/Image-26-09-2024-a-16.26-1024x653.jpg\" alt=\"\" class=\"wp-image-51\" srcset=\"https:\/\/www.omax-architects.com\/wp-content\/uploads\/2024\/09\/Image-26-09-2024-a-16.26-1024x653.jpg 1024w, https:\/\/www.omax-architects.com\/wp-content\/uploads\/2024\/09\/Image-26-09-2024-a-16.26-300x191.jpg 300w, https:\/\/www.omax-architects.com\/wp-content\/uploads\/2024\/09\/Image-26-09-2024-a-16.26-768x490.jpg 768w, https:\/\/www.omax-architects.com\/wp-content\/uploads\/2024\/09\/Image-26-09-2024-a-16.26-1536x979.jpg 1536w, https:\/\/www.omax-architects.com\/wp-content\/uploads\/2024\/09\/Image-26-09-2024-a-16.26-2048x1305.jpg 2048w\" sizes=\"auto, (max-width: 1024px) 100vw, 1024px\" \/><\/figure>\n\n\n\n<figure class=\"wp-block-image size-large\"><img loading=\"lazy\" decoding=\"async\" width=\"1024\" height=\"645\" src=\"https:\/\/www.omax-architects.com\/wp-content\/uploads\/2024\/10\/Capture-decran-2024-10-11-a-14.23.25-1024x645.png\" alt=\"\" class=\"wp-image-208\" srcset=\"https:\/\/www.omax-architects.com\/wp-content\/uploads\/2024\/10\/Capture-decran-2024-10-11-a-14.23.25-1024x645.png 1024w, https:\/\/www.omax-architects.com\/wp-content\/uploads\/2024\/10\/Capture-decran-2024-10-11-a-14.23.25-300x189.png 300w, https:\/\/www.omax-architects.com\/wp-content\/uploads\/2024\/10\/Capture-decran-2024-10-11-a-14.23.25-768x484.png 768w, https:\/\/www.omax-architects.com\/wp-content\/uploads\/2024\/10\/Capture-decran-2024-10-11-a-14.23.25-1536x968.png 1536w, https:\/\/www.omax-architects.com\/wp-content\/uploads\/2024\/10\/Capture-decran-2024-10-11-a-14.23.25-2048x1290.png 2048w\" sizes=\"auto, (max-width: 1024px) 100vw, 1024px\" \/><\/figure>\n\n\n\n<p>Ce projet vise une\u00a0<strong>sur\u00e9l\u00e9vation<\/strong>\u00a0ainsi qu&rsquo;une\u00a0<strong>r\u00e9habilitation \u00e9nerg\u00e9tique<\/strong>\u00a0d\u2019un b\u00e2timent situ\u00e9 dans la couronne p\u00e9ri-urbaine de Lyon. Il combine efficacit\u00e9 \u00e9nerg\u00e9tique et optimisation des espaces existants pour r\u00e9pondre aux exigences modernes de confort et de durabilit\u00e9.<\/p>\n\n\n\n<p>Le b\u00e2timent, \u00e0 la fois fonctionnel et moderne, accueille des\u00a0<strong>bureaux<\/strong>\u00a0lumineux ainsi que\u00a0<strong>quatre logements<\/strong> soigneusement am\u00e9nag\u00e9s :<\/p>\n\n\n\n<ul class=\"wp-block-list\">\n<li><strong>2 appartements T2<\/strong>, offrant des espaces de vie compacts et bien agenc\u00e9s.<\/li>\n\n\n\n<li><strong>2 appartements T3<\/strong>, spacieux et confortables, con\u00e7us pour une vie urbaine pratique et agr\u00e9able.<\/li>\n<\/ul>\n\n\n\n<p>Gr\u00e2ce \u00e0 notre approche, ce projet s&rsquo;int\u00e8gre parfaitement dans le tissu urbain lyonnais, tout en contribuant \u00e0 la transition vers un habitat plus durable et \u00e9conome en \u00e9nergie.<\/p>\n","protected":false},"excerpt":{"rendered":"<p>GENAS &#8211; 2024 Ce projet vise une\u00a0sur\u00e9l\u00e9vation\u00a0ainsi qu&rsquo;une\u00a0r\u00e9habilitation \u00e9nerg\u00e9tique\u00a0d\u2019un b\u00e2timent situ\u00e9 dans la couronne p\u00e9ri-urbaine de Lyon. Il combine efficacit\u00e9 \u00e9nerg\u00e9tique et optimisation des espaces existants pour r\u00e9pondre aux exigences modernes de confort et de durabilit\u00e9. Le b\u00e2timent, \u00e0 la fois fonctionnel et moderne, accueille des\u00a0bureaux\u00a0lumineux ainsi que\u00a0quatre logements soigneusement am\u00e9nag\u00e9s : Gr\u00e2ce \u00e0 notre [&hellip;]<\/p>\n","protected":false},"author":1,"featured_media":0,"parent":0,"menu_order":0,"comment_status":"closed","ping_status":"closed","template":"","meta":{"footnotes":""},"class_list":["post-205","page","type-page","status-publish","hentry"],"_links":{"self":[{"href":"https:\/\/www.omax-architects.com\/index.php\/wp-json\/wp\/v2\/pages\/205","targetHints":{"allow":["GET"]}}],"collection":[{"href":"https:\/\/www.omax-architects.com\/index.php\/wp-json\/wp\/v2\/pages"}],"about":[{"href":"https:\/\/www.omax-architects.com\/index.php\/wp-json\/wp\/v2\/types\/page"}],"author":[{"embeddable":true,"href":"https:\/\/www.omax-architects.com\/index.php\/wp-json\/wp\/v2\/users\/1"}],"replies":[{"embeddable":true,"href":"https:\/\/www.omax-architects.com\/index.php\/wp-json\/wp\/v2\/comments?post=205"}],"version-history":[{"count":1,"href":"https:\/\/www.omax-architects.com\/index.php\/wp-json\/wp\/v2\/pages\/205\/revisions"}],"predecessor-version":[{"id":209,"href":"https:\/\/www.omax-architects.com\/index.php\/wp-json\/wp\/v2\/pages\/205\/revisions\/209"}],"wp:attachment":[{"href":"https:\/\/www.omax-architects.com\/index.php\/wp-json\/wp\/v2\/media?parent=205"}],"curies":[{"name":"wp","href":"https:\/\/api.w.org\/{rel}","templated":true}]}}