{"id":202,"date":"2024-10-10T18:57:41","date_gmt":"2024-10-10T16:57:41","guid":{"rendered":"https:\/\/www.omax-architects.com\/?page_id=202"},"modified":"2024-10-10T18:57:41","modified_gmt":"2024-10-10T16:57:41","slug":"la-gresinette","status":"publish","type":"page","link":"https:\/\/www.omax-architects.com\/index.php\/la-gresinette\/","title":{"rendered":"LA GRESINETTE"},"content":{"rendered":"\n<h2 class=\"wp-block-heading has-system-font-font-family has-x-large-font-size\"><strong>LA GRESINETTE<\/strong> &#8211; 2024<\/h2>\n\n\n\n<figure class=\"wp-block-image size-large\"><img loading=\"lazy\" decoding=\"async\" width=\"1024\" height=\"576\" src=\"https:\/\/www.omax-architects.com\/wp-content\/uploads\/2024\/09\/DJI_0680-1024x576.jpg\" alt=\"\" class=\"wp-image-16\" srcset=\"https:\/\/www.omax-architects.com\/wp-content\/uploads\/2024\/09\/DJI_0680-1024x576.jpg 1024w, https:\/\/www.omax-architects.com\/wp-content\/uploads\/2024\/09\/DJI_0680-300x169.jpg 300w, https:\/\/www.omax-architects.com\/wp-content\/uploads\/2024\/09\/DJI_0680-768x432.jpg 768w, https:\/\/www.omax-architects.com\/wp-content\/uploads\/2024\/09\/DJI_0680-1536x864.jpg 1536w, https:\/\/www.omax-architects.com\/wp-content\/uploads\/2024\/09\/DJI_0680-2048x1152.jpg 2048w\" sizes=\"auto, (max-width: 1024px) 100vw, 1024px\" \/><\/figure>\n\n\n\n<p>Nous avons con\u00e7u et r\u00e9alis\u00e9 la&nbsp;<strong>r\u00e9novation compl\u00e8te<\/strong>&nbsp;d\u2019une maison en bord de lac, r\u00e9partie sur deux \u00e9tages, en associant&nbsp;<strong>mat\u00e9riaux bruts<\/strong>&nbsp;et touches de&nbsp;<strong>modernit\u00e9<\/strong>. Ce projet allie le charme naturel de son emplacement \u00e0 une approche contemporaine du design.<\/p>\n\n\n\n<p>Les mat\u00e9riaux authentiques tels que le bois et la pierre se m\u00ealent harmonieusement \u00e0 des finitions modernes, cr\u00e9ant un espace \u00e0 la fois chaleureux et raffin\u00e9. Chaque d\u00e9tail a \u00e9t\u00e9 pens\u00e9 pour optimiser l\u2019espace et offrir une vue imprenable sur le lac.<\/p>\n\n\n\n<p>Cette r\u00e9novation offre un \u00e9quilibre parfait entre nature et modernit\u00e9, pour une exp\u00e9rience de vie unique.<\/p>\n","protected":false},"excerpt":{"rendered":"<p>LA GRESINETTE &#8211; 2024 Nous avons con\u00e7u et r\u00e9alis\u00e9 la&nbsp;r\u00e9novation compl\u00e8te&nbsp;d\u2019une maison en bord de lac, r\u00e9partie sur deux \u00e9tages, en associant&nbsp;mat\u00e9riaux bruts&nbsp;et touches de&nbsp;modernit\u00e9. Ce projet allie le charme naturel de son emplacement \u00e0 une approche contemporaine du design. Les mat\u00e9riaux authentiques tels que le bois et la pierre se m\u00ealent harmonieusement \u00e0 des [&hellip;]<\/p>\n","protected":false},"author":1,"featured_media":0,"parent":0,"menu_order":0,"comment_status":"closed","ping_status":"closed","template":"","meta":{"footnotes":""},"class_list":["post-202","page","type-page","status-publish","hentry"],"_links":{"self":[{"href":"https:\/\/www.omax-architects.com\/index.php\/wp-json\/wp\/v2\/pages\/202","targetHints":{"allow":["GET"]}}],"collection":[{"href":"https:\/\/www.omax-architects.com\/index.php\/wp-json\/wp\/v2\/pages"}],"about":[{"href":"https:\/\/www.omax-architects.com\/index.php\/wp-json\/wp\/v2\/types\/page"}],"author":[{"embeddable":true,"href":"https:\/\/www.omax-architects.com\/index.php\/wp-json\/wp\/v2\/users\/1"}],"replies":[{"embeddable":true,"href":"https:\/\/www.omax-architects.com\/index.php\/wp-json\/wp\/v2\/comments?post=202"}],"version-history":[{"count":1,"href":"https:\/\/www.omax-architects.com\/index.php\/wp-json\/wp\/v2\/pages\/202\/revisions"}],"predecessor-version":[{"id":203,"href":"https:\/\/www.omax-architects.com\/index.php\/wp-json\/wp\/v2\/pages\/202\/revisions\/203"}],"wp:attachment":[{"href":"https:\/\/www.omax-architects.com\/index.php\/wp-json\/wp\/v2\/media?parent=202"}],"curies":[{"name":"wp","href":"https:\/\/api.w.org\/{rel}","templated":true}]}}