{"id":182,"date":"2024-10-10T18:43:17","date_gmt":"2024-10-10T16:43:17","guid":{"rendered":"https:\/\/www.omax-architects.com\/?page_id=182"},"modified":"2024-10-10T18:52:03","modified_gmt":"2024-10-10T16:52:03","slug":"concordance","status":"publish","type":"page","link":"https:\/\/www.omax-architects.com\/index.php\/concordance\/","title":{"rendered":"CONCORDANCE"},"content":{"rendered":"\n<h2 class=\"wp-block-heading has-system-font-font-family\" style=\"font-size:32px\"><strong>L&rsquo;ARCHE CONCORDANCE FESTIVAL<\/strong> &#8211; 2024<\/h2>\n\n\n\n<figure class=\"wp-block-image size-large\"><img loading=\"lazy\" decoding=\"async\" width=\"1024\" height=\"683\" src=\"https:\/\/www.omax-architects.com\/wp-content\/uploads\/2024\/09\/9V6A9598-1024x683.jpg\" alt=\"\" class=\"wp-image-20\" srcset=\"https:\/\/www.omax-architects.com\/wp-content\/uploads\/2024\/09\/9V6A9598-1024x683.jpg 1024w, https:\/\/www.omax-architects.com\/wp-content\/uploads\/2024\/09\/9V6A9598-300x200.jpg 300w, https:\/\/www.omax-architects.com\/wp-content\/uploads\/2024\/09\/9V6A9598-768x512.jpg 768w, https:\/\/www.omax-architects.com\/wp-content\/uploads\/2024\/09\/9V6A9598-1536x1024.jpg 1536w, https:\/\/www.omax-architects.com\/wp-content\/uploads\/2024\/09\/9V6A9598-2048x1365.jpg 2048w\" sizes=\"auto, (max-width: 1024px) 100vw, 1024px\" \/><\/figure>\n\n\n\n<figure class=\"wp-block-gallery has-nested-images columns-default is-cropped wp-block-gallery-1 is-layout-flex wp-block-gallery-is-layout-flex\">\n<figure class=\"wp-block-image size-large\"><img loading=\"lazy\" decoding=\"async\" width=\"1024\" height=\"683\" data-id=\"186\" src=\"https:\/\/www.omax-architects.com\/wp-content\/uploads\/2024\/10\/9V6A9572-1024x683.jpg\" alt=\"\" class=\"wp-image-186\" srcset=\"https:\/\/www.omax-architects.com\/wp-content\/uploads\/2024\/10\/9V6A9572-1024x683.jpg 1024w, https:\/\/www.omax-architects.com\/wp-content\/uploads\/2024\/10\/9V6A9572-300x200.jpg 300w, https:\/\/www.omax-architects.com\/wp-content\/uploads\/2024\/10\/9V6A9572-768x512.jpg 768w, https:\/\/www.omax-architects.com\/wp-content\/uploads\/2024\/10\/9V6A9572-1536x1024.jpg 1536w, https:\/\/www.omax-architects.com\/wp-content\/uploads\/2024\/10\/9V6A9572-2048x1365.jpg 2048w\" sizes=\"auto, (max-width: 1024px) 100vw, 1024px\" \/><\/figure>\n\n\n\n<figure class=\"wp-block-image size-large\"><img loading=\"lazy\" decoding=\"async\" width=\"1024\" height=\"683\" data-id=\"185\" src=\"https:\/\/www.omax-architects.com\/wp-content\/uploads\/2024\/10\/9V6A9601-1024x683.jpg\" alt=\"\" class=\"wp-image-185\" srcset=\"https:\/\/www.omax-architects.com\/wp-content\/uploads\/2024\/10\/9V6A9601-1024x683.jpg 1024w, https:\/\/www.omax-architects.com\/wp-content\/uploads\/2024\/10\/9V6A9601-300x200.jpg 300w, https:\/\/www.omax-architects.com\/wp-content\/uploads\/2024\/10\/9V6A9601-768x512.jpg 768w, https:\/\/www.omax-architects.com\/wp-content\/uploads\/2024\/10\/9V6A9601-1536x1024.jpg 1536w, https:\/\/www.omax-architects.com\/wp-content\/uploads\/2024\/10\/9V6A9601-2048x1365.jpg 2048w\" sizes=\"auto, (max-width: 1024px) 100vw, 1024px\" \/><\/figure>\n\n\n\n<figure class=\"wp-block-image size-large\"><img loading=\"lazy\" decoding=\"async\" width=\"1024\" height=\"809\" data-id=\"184\" src=\"https:\/\/www.omax-architects.com\/wp-content\/uploads\/2024\/10\/06090021-copie-1024x809.jpg\" alt=\"\" class=\"wp-image-184\" srcset=\"https:\/\/www.omax-architects.com\/wp-content\/uploads\/2024\/10\/06090021-copie-1024x809.jpg 1024w, https:\/\/www.omax-architects.com\/wp-content\/uploads\/2024\/10\/06090021-copie-300x237.jpg 300w, https:\/\/www.omax-architects.com\/wp-content\/uploads\/2024\/10\/06090021-copie-768x607.jpg 768w, https:\/\/www.omax-architects.com\/wp-content\/uploads\/2024\/10\/06090021-copie-1536x1213.jpg 1536w, https:\/\/www.omax-architects.com\/wp-content\/uploads\/2024\/10\/06090021-copie-2048x1617.jpg 2048w\" sizes=\"auto, (max-width: 1024px) 100vw, 1024px\" \/><\/figure>\n\n\n\n<figure class=\"wp-block-image size-large\"><img loading=\"lazy\" decoding=\"async\" width=\"683\" height=\"1024\" data-id=\"183\" src=\"https:\/\/www.omax-architects.com\/wp-content\/uploads\/2024\/10\/9V6A9643-683x1024.jpg\" alt=\"\" class=\"wp-image-183\" srcset=\"https:\/\/www.omax-architects.com\/wp-content\/uploads\/2024\/10\/9V6A9643-683x1024.jpg 683w, https:\/\/www.omax-architects.com\/wp-content\/uploads\/2024\/10\/9V6A9643-200x300.jpg 200w, https:\/\/www.omax-architects.com\/wp-content\/uploads\/2024\/10\/9V6A9643-768x1152.jpg 768w, https:\/\/www.omax-architects.com\/wp-content\/uploads\/2024\/10\/9V6A9643-1024x1536.jpg 1024w, https:\/\/www.omax-architects.com\/wp-content\/uploads\/2024\/10\/9V6A9643-1365x2048.jpg 1365w, https:\/\/www.omax-architects.com\/wp-content\/uploads\/2024\/10\/9V6A9643-scaled.jpg 1707w\" sizes=\"auto, (max-width: 683px) 100vw, 683px\" \/><\/figure>\n<\/figure>\n\n\n\n<figure class=\"wp-block-video\"><video height=\"1720\" style=\"aspect-ratio: 1080 \/ 1720;\" width=\"1080\" controls src=\"https:\/\/www.omax-architects.com\/wp-content\/uploads\/2024\/09\/dji-0506-copie_0UIOEeew-2.mov\"><\/video><\/figure>\n\n\n\n<p>Nous avons con\u00e7u et construit une&nbsp;<strong>arche sc\u00e9nique unique<\/strong>&nbsp;pour le festival&nbsp;<strong>Concordance<\/strong>, un \u00e9v\u00e9nement lyonnais majeur qui attire des milliers de visiteurs sur quatre jours. Ce projet symbolise la fusion entre cr\u00e9ativit\u00e9 architecturale et fonctionnalit\u00e9.<\/p>\n\n\n\n<p>Fabriqu\u00e9e en&nbsp;<strong>bois OSB<\/strong>, l\u2019arche offre une structure solide et \u00e9l\u00e9gante, id\u00e9ale pour accueillir les&nbsp;<strong>artistes<\/strong>&nbsp;ainsi que tout le&nbsp;<strong>mat\u00e9riel son et \u00e9lectronique<\/strong>&nbsp;n\u00e9cessaire aux performances. Pens\u00e9e pour \u00eatre \u00e0 la fois esth\u00e9tique et pratique, cette sc\u00e8ne devient un point central du festival, offrant une exp\u00e9rience immersive aux spectateurs.<\/p>\n\n\n\n<p>Notre cr\u00e9ation refl\u00e8te l\u2019esprit du festival : innovation, art et convivialit\u00e9, le tout dans une ambiance grandiose.<\/p>\n","protected":false},"excerpt":{"rendered":"<p>L&rsquo;ARCHE CONCORDANCE FESTIVAL &#8211; 2024 Nous avons con\u00e7u et construit une&nbsp;arche sc\u00e9nique unique&nbsp;pour le festival&nbsp;Concordance, un \u00e9v\u00e9nement lyonnais majeur qui attire des milliers de visiteurs sur quatre jours. Ce projet symbolise la fusion entre cr\u00e9ativit\u00e9 architecturale et fonctionnalit\u00e9. Fabriqu\u00e9e en&nbsp;bois OSB, l\u2019arche offre une structure solide et \u00e9l\u00e9gante, id\u00e9ale pour accueillir les&nbsp;artistes&nbsp;ainsi que tout le&nbsp;mat\u00e9riel [&hellip;]<\/p>\n","protected":false},"author":1,"featured_media":0,"parent":0,"menu_order":0,"comment_status":"closed","ping_status":"closed","template":"","meta":{"footnotes":""},"class_list":["post-182","page","type-page","status-publish","hentry"],"_links":{"self":[{"href":"https:\/\/www.omax-architects.com\/index.php\/wp-json\/wp\/v2\/pages\/182","targetHints":{"allow":["GET"]}}],"collection":[{"href":"https:\/\/www.omax-architects.com\/index.php\/wp-json\/wp\/v2\/pages"}],"about":[{"href":"https:\/\/www.omax-architects.com\/index.php\/wp-json\/wp\/v2\/types\/page"}],"author":[{"embeddable":true,"href":"https:\/\/www.omax-architects.com\/index.php\/wp-json\/wp\/v2\/users\/1"}],"replies":[{"embeddable":true,"href":"https:\/\/www.omax-architects.com\/index.php\/wp-json\/wp\/v2\/comments?post=182"}],"version-history":[{"count":5,"href":"https:\/\/www.omax-architects.com\/index.php\/wp-json\/wp\/v2\/pages\/182\/revisions"}],"predecessor-version":[{"id":199,"href":"https:\/\/www.omax-architects.com\/index.php\/wp-json\/wp\/v2\/pages\/182\/revisions\/199"}],"wp:attachment":[{"href":"https:\/\/www.omax-architects.com\/index.php\/wp-json\/wp\/v2\/media?parent=182"}],"curies":[{"name":"wp","href":"https:\/\/api.w.org\/{rel}","templated":true}]}}