{"id":179,"date":"2024-10-10T15:00:47","date_gmt":"2024-10-10T13:00:47","guid":{"rendered":"https:\/\/www.omax-architects.com\/?page_id=179"},"modified":"2024-10-22T09:32:00","modified_gmt":"2024-10-22T07:32:00","slug":"brecorens","status":"publish","type":"page","link":"https:\/\/www.omax-architects.com\/index.php\/brecorens\/","title":{"rendered":"BRECORENS"},"content":{"rendered":"\n<h2 class=\"wp-block-heading has-system-font-font-family has-x-large-font-size\"><strong>CHALET BRECORENS<\/strong> &#8211; 2024<\/h2>\n\n\n\n<figure class=\"wp-block-image size-large is-resized\"><img loading=\"lazy\" decoding=\"async\" width=\"773\" height=\"1024\" src=\"https:\/\/www.omax-architects.com\/wp-content\/uploads\/2024\/09\/chalet--773x1024.jpeg\" alt=\"\" class=\"wp-image-12\" style=\"width:650px;height:auto\" srcset=\"https:\/\/www.omax-architects.com\/wp-content\/uploads\/2024\/09\/chalet--773x1024.jpeg 773w, https:\/\/www.omax-architects.com\/wp-content\/uploads\/2024\/09\/chalet--227x300.jpeg 227w, https:\/\/www.omax-architects.com\/wp-content\/uploads\/2024\/09\/chalet--768x1017.jpeg 768w, https:\/\/www.omax-architects.com\/wp-content\/uploads\/2024\/09\/chalet--1160x1536.jpeg 1160w, https:\/\/www.omax-architects.com\/wp-content\/uploads\/2024\/09\/chalet--1546x2048.jpeg 1546w, https:\/\/www.omax-architects.com\/wp-content\/uploads\/2024\/09\/chalet--scaled.jpeg 1933w\" sizes=\"auto, (max-width: 773px) 100vw, 773px\" \/><\/figure>\n\n\n\n<p>Nous avons con\u00e7u et r\u00e9alis\u00e9 <strong>un chalet en<\/strong>&nbsp;<strong>bois massif<\/strong>, situ\u00e9 au c\u0153ur de la Haute-Savoie, \u00e0 la fronti\u00e8re Suisse, alliant charme traditionnel et modernit\u00e9. Le bois, soigneusement sabl\u00e9, apporte un caract\u00e8re authentique, tandis que les<strong> <\/strong>luminaires&nbsp;et l\u2019agencement contemporain&nbsp;cr\u00e9ent une atmosph\u00e8re r\u00e9solument moderne.<\/p>\n\n\n\n<p>Le chalet se divise en deux logements distincts :<\/p>\n\n\n\n<ul class=\"wp-block-list\">\n<li><strong>Au rez-de-chauss\u00e9e<\/strong>, un appartement <strong>T2<\/strong> lumineux avec de grandes&nbsp;baies vitr\u00e9es&nbsp;qui offrent une vue imprenable sur l\u2019ext\u00e9rieur.<\/li>\n\n\n\n<li><strong>\u00c0 l&rsquo;\u00e9tage<\/strong>, un spacieux logement <strong>T4<\/strong> <strong>r\u00e9parti sur&nbsp;deux niveaux<\/strong>, offrant des espaces de vie g\u00e9n\u00e9reux et confortables.<\/li>\n<\/ul>\n\n\n\n<p>Alliant authenticit\u00e9 et modernit\u00e9, ce chalet est pens\u00e9 pour un mode de vie \u00e0 la fois chaleureux et fonctionnel.<\/p>\n\n\n\n<p><\/p>\n","protected":false},"excerpt":{"rendered":"<p>CHALET BRECORENS &#8211; 2024 Nous avons con\u00e7u et r\u00e9alis\u00e9 un chalet en&nbsp;bois massif, situ\u00e9 au c\u0153ur de la Haute-Savoie, \u00e0 la fronti\u00e8re Suisse, alliant charme traditionnel et modernit\u00e9. Le bois, soigneusement sabl\u00e9, apporte un caract\u00e8re authentique, tandis que les luminaires&nbsp;et l\u2019agencement contemporain&nbsp;cr\u00e9ent une atmosph\u00e8re r\u00e9solument moderne. Le chalet se divise en deux logements distincts : [&hellip;]<\/p>\n","protected":false},"author":1,"featured_media":0,"parent":0,"menu_order":0,"comment_status":"closed","ping_status":"closed","template":"","meta":{"footnotes":""},"class_list":["post-179","page","type-page","status-publish","hentry"],"_links":{"self":[{"href":"https:\/\/www.omax-architects.com\/index.php\/wp-json\/wp\/v2\/pages\/179","targetHints":{"allow":["GET"]}}],"collection":[{"href":"https:\/\/www.omax-architects.com\/index.php\/wp-json\/wp\/v2\/pages"}],"about":[{"href":"https:\/\/www.omax-architects.com\/index.php\/wp-json\/wp\/v2\/types\/page"}],"author":[{"embeddable":true,"href":"https:\/\/www.omax-architects.com\/index.php\/wp-json\/wp\/v2\/users\/1"}],"replies":[{"embeddable":true,"href":"https:\/\/www.omax-architects.com\/index.php\/wp-json\/wp\/v2\/comments?post=179"}],"version-history":[{"count":6,"href":"https:\/\/www.omax-architects.com\/index.php\/wp-json\/wp\/v2\/pages\/179\/revisions"}],"predecessor-version":[{"id":222,"href":"https:\/\/www.omax-architects.com\/index.php\/wp-json\/wp\/v2\/pages\/179\/revisions\/222"}],"wp:attachment":[{"href":"https:\/\/www.omax-architects.com\/index.php\/wp-json\/wp\/v2\/media?parent=179"}],"curies":[{"name":"wp","href":"https:\/\/api.w.org\/{rel}","templated":true}]}}