{"id":175,"date":"2024-10-10T14:42:30","date_gmt":"2024-10-10T12:42:30","guid":{"rendered":"https:\/\/www.omax-architects.com\/?page_id=175"},"modified":"2024-10-24T14:09:42","modified_gmt":"2024-10-24T12:09:42","slug":"le-forum","status":"publish","type":"page","link":"https:\/\/www.omax-architects.com\/index.php\/le-forum\/","title":{"rendered":"LE FORUM"},"content":{"rendered":"\n<h2 class=\"wp-block-heading has-system-font-font-family has-x-large-font-size\"><strong>LE FORUM<\/strong> &#8211;&nbsp;2024<\/h2>\n\n\n\n<figure class=\"wp-block-image size-full\"><img loading=\"lazy\" decoding=\"async\" width=\"874\" height=\"705\" src=\"https:\/\/www.omax-architects.com\/wp-content\/uploads\/2024\/09\/septembre_12-Photo-2-1.jpg\" alt=\"\" class=\"wp-image-40\" srcset=\"https:\/\/www.omax-architects.com\/wp-content\/uploads\/2024\/09\/septembre_12-Photo-2-1.jpg 874w, https:\/\/www.omax-architects.com\/wp-content\/uploads\/2024\/09\/septembre_12-Photo-2-1-300x242.jpg 300w, https:\/\/www.omax-architects.com\/wp-content\/uploads\/2024\/09\/septembre_12-Photo-2-1-768x619.jpg 768w\" sizes=\"auto, (max-width: 874px) 100vw, 874px\" \/><\/figure>\n\n\n\n<figure class=\"wp-block-image size-large\"><img loading=\"lazy\" decoding=\"async\" width=\"1024\" height=\"576\" src=\"https:\/\/www.omax-architects.com\/wp-content\/uploads\/2024\/09\/septembre_23-Photo-1024x576.jpg\" alt=\"\" class=\"wp-image-13\" srcset=\"https:\/\/www.omax-architects.com\/wp-content\/uploads\/2024\/09\/septembre_23-Photo-1024x576.jpg 1024w, https:\/\/www.omax-architects.com\/wp-content\/uploads\/2024\/09\/septembre_23-Photo-300x169.jpg 300w, https:\/\/www.omax-architects.com\/wp-content\/uploads\/2024\/09\/septembre_23-Photo-768x432.jpg 768w, https:\/\/www.omax-architects.com\/wp-content\/uploads\/2024\/09\/septembre_23-Photo.jpg 1280w\" sizes=\"auto, (max-width: 1024px) 100vw, 1024px\" \/><\/figure>\n\n\n\n<figure class=\"wp-block-image size-large\"><img loading=\"lazy\" decoding=\"async\" width=\"1024\" height=\"576\" src=\"https:\/\/www.omax-architects.com\/wp-content\/uploads\/2024\/09\/septembre_22-Photo-2-1024x576.jpg\" alt=\"\" class=\"wp-image-36\" srcset=\"https:\/\/www.omax-architects.com\/wp-content\/uploads\/2024\/09\/septembre_22-Photo-2-1024x576.jpg 1024w, https:\/\/www.omax-architects.com\/wp-content\/uploads\/2024\/09\/septembre_22-Photo-2-300x169.jpg 300w, https:\/\/www.omax-architects.com\/wp-content\/uploads\/2024\/09\/septembre_22-Photo-2-768x432.jpg 768w, https:\/\/www.omax-architects.com\/wp-content\/uploads\/2024\/09\/septembre_22-Photo-2.jpg 1280w\" sizes=\"auto, (max-width: 1024px) 100vw, 1024px\" \/><\/figure>\n\n\n\n<p>Un projet architectural situ\u00e9 \u00e0 Craponne, o\u00f9 nous transformons et modernisons l&rsquo;espace urbain tout en int\u00e9grant les enjeux de durabilit\u00e9. Con\u00e7u pour r\u00e9pondre aux besoins d\u2019aujourd\u2019hui, ce b\u00e2timent b\u00e9n\u00e9ficie d\u2019une&nbsp;<strong>r\u00e9novation \u00e9nerg\u00e9tique compl\u00e8te<\/strong>, am\u00e9liorant ainsi son efficacit\u00e9 et r\u00e9duisant son empreinte \u00e9cologique.<\/p>\n\n\n\n<p>Notre intervention inclut \u00e9galement la&nbsp;<strong>construction d\u2019une sur\u00e9l\u00e9vation de deux niveaux<\/strong>, cr\u00e9ant de nouveaux espaces modernes et lumineux. <\/p>\n\n\n\n<p>Le projet accueille une diversit\u00e9 d\u2019espaces fonctionnels :<\/p>\n\n\n\n<ul class=\"wp-block-list\">\n<li>Au rez-de-chausse :<strong> clinique m\u00e9dicale<\/strong> et une cr\u00e8che.<\/li>\n\n\n\n<li>Les deux \u00e9tages suivants\u00a0seront d\u00e9di\u00e9s \u00e0 des\u00a0<strong>bureaux<\/strong> et autres potentiels <strong>locaux m\u00e9dicaux<\/strong>.<\/li>\n\n\n\n<li>Au dernier \u00e9tage, des\u00a0<strong>logements contemporains<\/strong>\u00a0viendront compl\u00e9ter cet ensemble harmonieux, offrant confort et modernit\u00e9 aux r\u00e9sidents.<\/li>\n<\/ul>\n\n\n\n<p>Avec une approche m\u00ealant innovation, confort et d\u00e9veloppement durable,&nbsp;<strong>Le Forum<\/strong>&nbsp;se veut un v\u00e9ritable p\u00f4le de vie et de travail, pens\u00e9 pour s\u2019int\u00e9grer parfaitement dans le tissu urbain de Craponne tout en r\u00e9pondant aux d\u00e9fis de demain.<\/p>\n\n\n\n<p><\/p>\n","protected":false},"excerpt":{"rendered":"<p>LE FORUM &#8211;&nbsp;2024 Un projet architectural situ\u00e9 \u00e0 Craponne, o\u00f9 nous transformons et modernisons l&rsquo;espace urbain tout en int\u00e9grant les enjeux de durabilit\u00e9. Con\u00e7u pour r\u00e9pondre aux besoins d\u2019aujourd\u2019hui, ce b\u00e2timent b\u00e9n\u00e9ficie d\u2019une&nbsp;r\u00e9novation \u00e9nerg\u00e9tique compl\u00e8te, am\u00e9liorant ainsi son efficacit\u00e9 et r\u00e9duisant son empreinte \u00e9cologique. Notre intervention inclut \u00e9galement la&nbsp;construction d\u2019une sur\u00e9l\u00e9vation de deux niveaux, cr\u00e9ant [&hellip;]<\/p>\n","protected":false},"author":1,"featured_media":0,"parent":0,"menu_order":0,"comment_status":"closed","ping_status":"closed","template":"","meta":{"footnotes":""},"class_list":["post-175","page","type-page","status-publish","hentry"],"_links":{"self":[{"href":"https:\/\/www.omax-architects.com\/index.php\/wp-json\/wp\/v2\/pages\/175","targetHints":{"allow":["GET"]}}],"collection":[{"href":"https:\/\/www.omax-architects.com\/index.php\/wp-json\/wp\/v2\/pages"}],"about":[{"href":"https:\/\/www.omax-architects.com\/index.php\/wp-json\/wp\/v2\/types\/page"}],"author":[{"embeddable":true,"href":"https:\/\/www.omax-architects.com\/index.php\/wp-json\/wp\/v2\/users\/1"}],"replies":[{"embeddable":true,"href":"https:\/\/www.omax-architects.com\/index.php\/wp-json\/wp\/v2\/comments?post=175"}],"version-history":[{"count":4,"href":"https:\/\/www.omax-architects.com\/index.php\/wp-json\/wp\/v2\/pages\/175\/revisions"}],"predecessor-version":[{"id":234,"href":"https:\/\/www.omax-architects.com\/index.php\/wp-json\/wp\/v2\/pages\/175\/revisions\/234"}],"wp:attachment":[{"href":"https:\/\/www.omax-architects.com\/index.php\/wp-json\/wp\/v2\/media?parent=175"}],"curies":[{"name":"wp","href":"https:\/\/api.w.org\/{rel}","templated":true}]}}